{"id":1272,"date":"2022-07-22T17:21:19","date_gmt":"2022-07-22T20:21:19","guid":{"rendered":"http:\/\/localhost\/wordpress\/?page_id=1272"},"modified":"2025-02-25T16:55:09","modified_gmt":"2025-02-25T20:55:09","slug":"legislacao-e-estatuto","status":"publish","type":"page","link":"https:\/\/adunir.com.br\/index.php\/legislacao-e-estatuto\/","title":{"rendered":"Estatuto e Regimento"},"content":{"rendered":"\n<p>A ADUNIR, por ser uma se\u00e7\u00e3o sindical filiada ao ANDES-SN (Sindicato Nacional), segue as diretrizes e o estatuto estabelecido por esta entidade. No entanto, a ADUNIR tamb\u00e9m possui um <strong>regimento pr\u00f3prio<\/strong>, adaptado \u00e0s suas especificidades e necessidades locais. Ambos os documentos \u2014 o estatuto do ANDES-SN e o regimento interno da ADUNIR \u2014 est\u00e3o dispon\u00edveis para consulta abaixo nesta p\u00e1gina, a fim de garantir transpar\u00eancia e acesso \u00e0s informa\u00e7\u00f5es fundamentais para todos(as) os(as) filiados(as).<\/p>\n\n\n\n<p><strong>ESTATUTO ANDES SINDICADO NACIONAL<\/strong><\/p>\n\n\n\n<div data-wp-interactive=\"core\/file\" class=\"wp-block-file\"><object data-wp-bind--hidden=\"!state.hasPdfPreview\" hidden class=\"wp-block-file__embed\" data=\"https:\/\/adunir.com.br\/wp-content\/uploads\/2025\/02\/ESTATUTO-DO-ANDES-SN-41o-CONGRESSO-DO-ANDES.pdf\" type=\"application\/pdf\" style=\"width:100%;height:600px\" aria-label=\"Incorporado de ESTATUTO DO ANDES-SN 41\u00ba CONGRESSO DO ANDES.\"><\/object><a id=\"wp-block-file--media-4a453508-9394-4810-bec0-ce41e2a2140f\" href=\"https:\/\/adunir.com.br\/wp-content\/uploads\/2025\/02\/ESTATUTO-DO-ANDES-SN-41o-CONGRESSO-DO-ANDES.pdf\">ESTATUTO DO ANDES-SN 41\u00ba CONGRESSO DO ANDES<\/a><a href=\"https:\/\/adunir.com.br\/wp-content\/uploads\/2025\/02\/ESTATUTO-DO-ANDES-SN-41o-CONGRESSO-DO-ANDES.pdf\" class=\"wp-block-file__button wp-element-button\" download aria-describedby=\"wp-block-file--media-4a453508-9394-4810-bec0-ce41e2a2140f\">Baixar<br><\/a><\/div>\n\n\n\n<p><strong>REGIMENTO ADUNIR<\/strong><\/p>\n\n\n\n<div data-wp-interactive=\"core\/file\" class=\"wp-block-file\"><object data-wp-bind--hidden=\"!state.hasPdfPreview\" hidden class=\"wp-block-file__embed\" data=\"https:\/\/adunir.com.br\/wp-content\/uploads\/2025\/02\/Regimento-ADUNIR-1.pdf\" type=\"application\/pdf\" style=\"width:100%;height:600px\" aria-label=\"Incorporado de Regimento ADUNIR.\"><\/object><a id=\"wp-block-file--media-c368edd6-3480-4419-a040-1805172a8b97\" href=\"https:\/\/adunir.com.br\/wp-content\/uploads\/2025\/02\/Regimento-ADUNIR-1.pdf\">Regimento ADUNIR<\/a><a href=\"https:\/\/adunir.com.br\/wp-content\/uploads\/2025\/02\/Regimento-ADUNIR-1.pdf\" class=\"wp-block-file__button wp-element-button\" download aria-describedby=\"wp-block-file--media-c368edd6-3480-4419-a040-1805172a8b97\">Baixar<\/a><\/div>\n","protected":false},"excerpt":{"rendered":"<p>A ADUNIR, por ser uma se\u00e7\u00e3o sindical filiada ao ANDES-SN (Sindicato Nacional), segue as diretrizes e o estatuto estabelecido por esta entidade. No entanto, a ADUNIR tamb\u00e9m possui um regimento pr\u00f3prio, adaptado \u00e0s suas especificidades e necessidades locais. Ambos os documentos \u2014 o estatuto do ANDES-SN e o regimento interno da ADUNIR \u2014 est\u00e3o dispon\u00edveis [&hellip;]<\/p>\n","protected":false},"author":1,"featured_media":0,"parent":0,"menu_order":0,"comment_status":"closed","ping_status":"closed","template":"templates\/template-page-full-width.php","meta":{"_uag_custom_page_level_css":"","footnotes":""},"class_list":["post-1272","page","type-page","status-publish","hentry"],"yoast_head":"<!-- This site is optimized with the Yoast SEO plugin v27.5 - https:\/\/yoast.com\/product\/yoast-seo-wordpress\/ -->\n<title>Estatuto e Regimento - ADUNIR<\/title>\n<meta name=\"robots\" content=\"index, follow, max-snippet:-1, max-image-preview:large, max-video-preview:-1\" \/>\n<link rel=\"canonical\" href=\"https:\/\/adunir.com.br\/index.php\/legislacao-e-estatuto\/\" \/>\n<meta property=\"og:locale\" content=\"pt_BR\" \/>\n<meta property=\"og:type\" content=\"article\" \/>\n<meta property=\"og:title\" content=\"Estatuto e Regimento - ADUNIR\" \/>\n<meta property=\"og:description\" content=\"A ADUNIR, por ser uma se\u00e7\u00e3o sindical filiada ao ANDES-SN (Sindicato Nacional), segue as diretrizes e o estatuto estabelecido por esta entidade. No entanto, a ADUNIR tamb\u00e9m possui um regimento pr\u00f3prio, adaptado \u00e0s suas especificidades e necessidades locais. Ambos os documentos \u2014 o estatuto do ANDES-SN e o regimento interno da ADUNIR \u2014 est\u00e3o dispon\u00edveis [&hellip;]\" \/>\n<meta property=\"og:url\" content=\"https:\/\/adunir.com.br\/index.php\/legislacao-e-estatuto\/\" \/>\n<meta property=\"og:site_name\" content=\"ADUNIR\" \/>\n<meta property=\"article:publisher\" content=\"https:\/\/www.facebook.com\/adunirsecaosindical.andes\/\" \/>\n<meta property=\"article:modified_time\" content=\"2025-02-25T20:55:09+00:00\" \/>\n<meta name=\"twitter:card\" content=\"summary_large_image\" \/>\n<meta name=\"twitter:label1\" content=\"Est. tempo de leitura\" \/>\n\t<meta name=\"twitter:data1\" content=\"1 minuto\" \/>\n<script type=\"application\/ld+json\" class=\"yoast-schema-graph\">{\"@context\":\"https:\\\/\\\/schema.org\",\"@graph\":[{\"@type\":\"WebPage\",\"@id\":\"https:\\\/\\\/adunir.com.br\\\/index.php\\\/legislacao-e-estatuto\\\/\",\"url\":\"https:\\\/\\\/adunir.com.br\\\/index.php\\\/legislacao-e-estatuto\\\/\",\"name\":\"Estatuto e Regimento - ADUNIR\",\"isPartOf\":{\"@id\":\"https:\\\/\\\/adunir.com.br\\\/#website\"},\"datePublished\":\"2022-07-22T20:21:19+00:00\",\"dateModified\":\"2025-02-25T20:55:09+00:00\",\"breadcrumb\":{\"@id\":\"https:\\\/\\\/adunir.com.br\\\/index.php\\\/legislacao-e-estatuto\\\/#breadcrumb\"},\"inLanguage\":\"pt-BR\",\"potentialAction\":[{\"@type\":\"ReadAction\",\"target\":[\"https:\\\/\\\/adunir.com.br\\\/index.php\\\/legislacao-e-estatuto\\\/\"]}]},{\"@type\":\"BreadcrumbList\",\"@id\":\"https:\\\/\\\/adunir.com.br\\\/index.php\\\/legislacao-e-estatuto\\\/#breadcrumb\",\"itemListElement\":[{\"@type\":\"ListItem\",\"position\":1,\"name\":\"In\u00edcio\",\"item\":\"https:\\\/\\\/adunir.com.br\\\/\"},{\"@type\":\"ListItem\",\"position\":2,\"name\":\"Estatuto e Regimento\"}]},{\"@type\":\"WebSite\",\"@id\":\"https:\\\/\\\/adunir.com.br\\\/#website\",\"url\":\"https:\\\/\\\/adunir.com.br\\\/\",\"name\":\"ADUNIR\",\"description\":\"Associa\u00e7\u00e3o dos Docentes da Universidade Federal de Rond\u00f4nia - Se\u00e7\u00e3o Sindical\",\"publisher\":{\"@id\":\"https:\\\/\\\/adunir.com.br\\\/#organization\"},\"potentialAction\":[{\"@type\":\"SearchAction\",\"target\":{\"@type\":\"EntryPoint\",\"urlTemplate\":\"https:\\\/\\\/adunir.com.br\\\/?s={search_term_string}\"},\"query-input\":{\"@type\":\"PropertyValueSpecification\",\"valueRequired\":true,\"valueName\":\"search_term_string\"}}],\"inLanguage\":\"pt-BR\"},{\"@type\":\"Organization\",\"@id\":\"https:\\\/\\\/adunir.com.br\\\/#organization\",\"name\":\"Associa\u00e7\u00e3o dos Docentes da Universidade Federal de Rond\u00f4nia - ADUNIR\",\"url\":\"https:\\\/\\\/adunir.com.br\\\/\",\"logo\":{\"@type\":\"ImageObject\",\"inLanguage\":\"pt-BR\",\"@id\":\"https:\\\/\\\/adunir.com.br\\\/#\\\/schema\\\/logo\\\/image\\\/\",\"url\":\"https:\\\/\\\/adunir.com.br\\\/wp-content\\\/uploads\\\/2023\\\/12\\\/cropped-logo_adunir.png\",\"contentUrl\":\"https:\\\/\\\/adunir.com.br\\\/wp-content\\\/uploads\\\/2023\\\/12\\\/cropped-logo_adunir.png\",\"width\":982,\"height\":102,\"caption\":\"Associa\u00e7\u00e3o dos Docentes da Universidade Federal de Rond\u00f4nia - ADUNIR\"},\"image\":{\"@id\":\"https:\\\/\\\/adunir.com.br\\\/#\\\/schema\\\/logo\\\/image\\\/\"},\"sameAs\":[\"https:\\\/\\\/www.facebook.com\\\/adunirsecaosindical.andes\\\/\"]}]}<\/script>\n<!-- \/ Yoast SEO plugin. -->","yoast_head_json":{"title":"Estatuto e Regimento - ADUNIR","robots":{"index":"index","follow":"follow","max-snippet":"max-snippet:-1","max-image-preview":"max-image-preview:large","max-video-preview":"max-video-preview:-1"},"canonical":"https:\/\/adunir.com.br\/index.php\/legislacao-e-estatuto\/","og_locale":"pt_BR","og_type":"article","og_title":"Estatuto e Regimento - ADUNIR","og_description":"A ADUNIR, por ser uma se\u00e7\u00e3o sindical filiada ao ANDES-SN (Sindicato Nacional), segue as diretrizes e o estatuto estabelecido por esta entidade. No entanto, a ADUNIR tamb\u00e9m possui um regimento pr\u00f3prio, adaptado \u00e0s suas especificidades e necessidades locais. Ambos os documentos \u2014 o estatuto do ANDES-SN e o regimento interno da ADUNIR \u2014 est\u00e3o dispon\u00edveis [&hellip;]","og_url":"https:\/\/adunir.com.br\/index.php\/legislacao-e-estatuto\/","og_site_name":"ADUNIR","article_publisher":"https:\/\/www.facebook.com\/adunirsecaosindical.andes\/","article_modified_time":"2025-02-25T20:55:09+00:00","twitter_card":"summary_large_image","twitter_misc":{"Est. tempo de leitura":"1 minuto"},"schema":{"@context":"https:\/\/schema.org","@graph":[{"@type":"WebPage","@id":"https:\/\/adunir.com.br\/index.php\/legislacao-e-estatuto\/","url":"https:\/\/adunir.com.br\/index.php\/legislacao-e-estatuto\/","name":"Estatuto e Regimento - ADUNIR","isPartOf":{"@id":"https:\/\/adunir.com.br\/#website"},"datePublished":"2022-07-22T20:21:19+00:00","dateModified":"2025-02-25T20:55:09+00:00","breadcrumb":{"@id":"https:\/\/adunir.com.br\/index.php\/legislacao-e-estatuto\/#breadcrumb"},"inLanguage":"pt-BR","potentialAction":[{"@type":"ReadAction","target":["https:\/\/adunir.com.br\/index.php\/legislacao-e-estatuto\/"]}]},{"@type":"BreadcrumbList","@id":"https:\/\/adunir.com.br\/index.php\/legislacao-e-estatuto\/#breadcrumb","itemListElement":[{"@type":"ListItem","position":1,"name":"In\u00edcio","item":"https:\/\/adunir.com.br\/"},{"@type":"ListItem","position":2,"name":"Estatuto e Regimento"}]},{"@type":"WebSite","@id":"https:\/\/adunir.com.br\/#website","url":"https:\/\/adunir.com.br\/","name":"ADUNIR","description":"Associa\u00e7\u00e3o dos Docentes da Universidade Federal de Rond\u00f4nia - Se\u00e7\u00e3o Sindical","publisher":{"@id":"https:\/\/adunir.com.br\/#organization"},"potentialAction":[{"@type":"SearchAction","target":{"@type":"EntryPoint","urlTemplate":"https:\/\/adunir.com.br\/?s={search_term_string}"},"query-input":{"@type":"PropertyValueSpecification","valueRequired":true,"valueName":"search_term_string"}}],"inLanguage":"pt-BR"},{"@type":"Organization","@id":"https:\/\/adunir.com.br\/#organization","name":"Associa\u00e7\u00e3o dos Docentes da Universidade Federal de Rond\u00f4nia - ADUNIR","url":"https:\/\/adunir.com.br\/","logo":{"@type":"ImageObject","inLanguage":"pt-BR","@id":"https:\/\/adunir.com.br\/#\/schema\/logo\/image\/","url":"https:\/\/adunir.com.br\/wp-content\/uploads\/2023\/12\/cropped-logo_adunir.png","contentUrl":"https:\/\/adunir.com.br\/wp-content\/uploads\/2023\/12\/cropped-logo_adunir.png","width":982,"height":102,"caption":"Associa\u00e7\u00e3o dos Docentes da Universidade Federal de Rond\u00f4nia - ADUNIR"},"image":{"@id":"https:\/\/adunir.com.br\/#\/schema\/logo\/image\/"},"sameAs":["https:\/\/www.facebook.com\/adunirsecaosindical.andes\/"]}]}},"uagb_featured_image_src":{"full":false,"thumbnail":false,"medium":false,"medium_large":false,"large":false,"1536x1536":false,"2048x2048":false},"uagb_author_info":{"display_name":"adunir","author_link":"https:\/\/adunir.com.br\/index.php\/author\/adunir\/"},"uagb_comment_info":0,"uagb_excerpt":"A ADUNIR, por ser uma se\u00e7\u00e3o sindical filiada ao ANDES-SN (Sindicato Nacional), segue as diretrizes e o estatuto estabelecido por esta entidade. No entanto, a ADUNIR tamb\u00e9m possui um regimento pr\u00f3prio, adaptado \u00e0s suas especificidades e necessidades locais. Ambos os documentos \u2014 o estatuto do ANDES-SN e o regimento interno da ADUNIR \u2014 est\u00e3o dispon\u00edveis&hellip;","_links":{"self":[{"href":"https:\/\/adunir.com.br\/index.php\/wp-json\/wp\/v2\/pages\/1272","targetHints":{"allow":["GET"]}}],"collection":[{"href":"https:\/\/adunir.com.br\/index.php\/wp-json\/wp\/v2\/pages"}],"about":[{"href":"https:\/\/adunir.com.br\/index.php\/wp-json\/wp\/v2\/types\/page"}],"author":[{"embeddable":true,"href":"https:\/\/adunir.com.br\/index.php\/wp-json\/wp\/v2\/users\/1"}],"replies":[{"embeddable":true,"href":"https:\/\/adunir.com.br\/index.php\/wp-json\/wp\/v2\/comments?post=1272"}],"version-history":[{"count":3,"href":"https:\/\/adunir.com.br\/index.php\/wp-json\/wp\/v2\/pages\/1272\/revisions"}],"predecessor-version":[{"id":3590,"href":"https:\/\/adunir.com.br\/index.php\/wp-json\/wp\/v2\/pages\/1272\/revisions\/3590"}],"wp:attachment":[{"href":"https:\/\/adunir.com.br\/index.php\/wp-json\/wp\/v2\/media?parent=1272"}],"curies":[{"name":"wp","href":"https:\/\/api.w.org\/{rel}","templated":true}]}}