{"id":35,"date":"2022-06-06T16:39:10","date_gmt":"2022-06-06T19:39:10","guid":{"rendered":"http:\/\/localhost\/wordpress\/?page_id=35"},"modified":"2025-07-03T10:15:19","modified_gmt":"2025-07-03T14:15:19","slug":"historia","status":"publish","type":"page","link":"https:\/\/adunir.com.br\/index.php\/historia\/","title":{"rendered":"Boletins"},"content":{"rendered":"\n<p>Esta se\u00e7\u00e3o do nosso site \u00e9 dedicada \u00e0 <strong>publica\u00e7\u00e3o dos boletins informativos da associa\u00e7\u00e3o<\/strong>. Aqui, voc\u00ea encontrar\u00e1 atualiza\u00e7\u00f5es peri\u00f3dicas sobre as atividades, eventos, decis\u00f5es e novidades relacionadas \u00e0 nossa comunidade. Fique por dentro de tudo o que acontece, acesse os boletins anteriores e acompanhe as informa\u00e7\u00f5es relevantes que impactam diretamente todos os nossos filiados(as).<\/p>\n\n\n\n<div data-wp-interactive=\"core\/file\" class=\"wp-block-file\"><object data-wp-bind--hidden=\"!state.hasPdfPreview\" hidden class=\"wp-block-file__embed\" data=\"https:\/\/adunir.com.br\/wp-content\/uploads\/2025\/07\/Boletim-ADUNIR-FEV-2025-VERSAO-8.pdf\" type=\"application\/pdf\" style=\"width:100%;height:600px\" aria-label=\"Incorporado de Boletim ADUNIR FEV-2025 - VERS\u00c3O 8.\"><\/object><a id=\"wp-block-file--media-25679255-7990-4740-a56d-2a3052768728\" href=\"https:\/\/adunir.com.br\/wp-content\/uploads\/2025\/07\/Boletim-ADUNIR-FEV-2025-VERSAO-8.pdf\">Boletim ADUNIR FEV-2025 &#8211; VERS\u00c3O 8<\/a><a href=\"https:\/\/adunir.com.br\/wp-content\/uploads\/2025\/07\/Boletim-ADUNIR-FEV-2025-VERSAO-8.pdf\" class=\"wp-block-file__button wp-element-button\" download aria-describedby=\"wp-block-file--media-25679255-7990-4740-a56d-2a3052768728\">Baixar<\/a><\/div>\n","protected":false},"excerpt":{"rendered":"<p>Esta se\u00e7\u00e3o do nosso site \u00e9 dedicada \u00e0 publica\u00e7\u00e3o dos boletins informativos da associa\u00e7\u00e3o. Aqui, voc\u00ea encontrar\u00e1 atualiza\u00e7\u00f5es peri\u00f3dicas sobre as atividades, eventos, decis\u00f5es e novidades relacionadas \u00e0 nossa comunidade. Fique por dentro de tudo o que acontece, acesse os boletins anteriores e acompanhe as informa\u00e7\u00f5es relevantes que impactam diretamente todos os nossos filiados(as).<\/p>\n","protected":false},"author":1,"featured_media":0,"parent":0,"menu_order":0,"comment_status":"closed","ping_status":"closed","template":"","meta":{"_uag_custom_page_level_css":"","footnotes":""},"class_list":["post-35","page","type-page","status-publish","hentry"],"yoast_head":"<!-- This site is optimized with the Yoast SEO plugin v27.5 - https:\/\/yoast.com\/product\/yoast-seo-wordpress\/ -->\n<title>Boletins - ADUNIR<\/title>\n<meta name=\"robots\" content=\"index, follow, max-snippet:-1, max-image-preview:large, max-video-preview:-1\" \/>\n<link rel=\"canonical\" href=\"https:\/\/adunir.com.br\/index.php\/historia\/\" \/>\n<meta property=\"og:locale\" content=\"pt_BR\" \/>\n<meta property=\"og:type\" content=\"article\" \/>\n<meta property=\"og:title\" content=\"Boletins - ADUNIR\" \/>\n<meta property=\"og:description\" content=\"Esta se\u00e7\u00e3o do nosso site \u00e9 dedicada \u00e0 publica\u00e7\u00e3o dos boletins informativos da associa\u00e7\u00e3o. Aqui, voc\u00ea encontrar\u00e1 atualiza\u00e7\u00f5es peri\u00f3dicas sobre as atividades, eventos, decis\u00f5es e novidades relacionadas \u00e0 nossa comunidade. Fique por dentro de tudo o que acontece, acesse os boletins anteriores e acompanhe as informa\u00e7\u00f5es relevantes que impactam diretamente todos os nossos filiados(as).\" \/>\n<meta property=\"og:url\" content=\"https:\/\/adunir.com.br\/index.php\/historia\/\" \/>\n<meta property=\"og:site_name\" content=\"ADUNIR\" \/>\n<meta property=\"article:publisher\" content=\"https:\/\/www.facebook.com\/adunirsecaosindical.andes\/\" \/>\n<meta property=\"article:modified_time\" content=\"2025-07-03T14:15:19+00:00\" \/>\n<meta name=\"twitter:card\" content=\"summary_large_image\" \/>\n<meta name=\"twitter:label1\" content=\"Est. tempo de leitura\" \/>\n\t<meta name=\"twitter:data1\" content=\"1 minuto\" \/>\n<script type=\"application\/ld+json\" class=\"yoast-schema-graph\">{\"@context\":\"https:\\\/\\\/schema.org\",\"@graph\":[{\"@type\":\"WebPage\",\"@id\":\"https:\\\/\\\/adunir.com.br\\\/index.php\\\/historia\\\/\",\"url\":\"https:\\\/\\\/adunir.com.br\\\/index.php\\\/historia\\\/\",\"name\":\"Boletins - ADUNIR\",\"isPartOf\":{\"@id\":\"https:\\\/\\\/adunir.com.br\\\/#website\"},\"datePublished\":\"2022-06-06T19:39:10+00:00\",\"dateModified\":\"2025-07-03T14:15:19+00:00\",\"breadcrumb\":{\"@id\":\"https:\\\/\\\/adunir.com.br\\\/index.php\\\/historia\\\/#breadcrumb\"},\"inLanguage\":\"pt-BR\",\"potentialAction\":[{\"@type\":\"ReadAction\",\"target\":[\"https:\\\/\\\/adunir.com.br\\\/index.php\\\/historia\\\/\"]}]},{\"@type\":\"BreadcrumbList\",\"@id\":\"https:\\\/\\\/adunir.com.br\\\/index.php\\\/historia\\\/#breadcrumb\",\"itemListElement\":[{\"@type\":\"ListItem\",\"position\":1,\"name\":\"In\u00edcio\",\"item\":\"https:\\\/\\\/adunir.com.br\\\/\"},{\"@type\":\"ListItem\",\"position\":2,\"name\":\"Boletins\"}]},{\"@type\":\"WebSite\",\"@id\":\"https:\\\/\\\/adunir.com.br\\\/#website\",\"url\":\"https:\\\/\\\/adunir.com.br\\\/\",\"name\":\"ADUNIR\",\"description\":\"Associa\u00e7\u00e3o dos Docentes da Universidade Federal de Rond\u00f4nia - Se\u00e7\u00e3o Sindical\",\"publisher\":{\"@id\":\"https:\\\/\\\/adunir.com.br\\\/#organization\"},\"potentialAction\":[{\"@type\":\"SearchAction\",\"target\":{\"@type\":\"EntryPoint\",\"urlTemplate\":\"https:\\\/\\\/adunir.com.br\\\/?s={search_term_string}\"},\"query-input\":{\"@type\":\"PropertyValueSpecification\",\"valueRequired\":true,\"valueName\":\"search_term_string\"}}],\"inLanguage\":\"pt-BR\"},{\"@type\":\"Organization\",\"@id\":\"https:\\\/\\\/adunir.com.br\\\/#organization\",\"name\":\"Associa\u00e7\u00e3o dos Docentes da Universidade Federal de Rond\u00f4nia - ADUNIR\",\"url\":\"https:\\\/\\\/adunir.com.br\\\/\",\"logo\":{\"@type\":\"ImageObject\",\"inLanguage\":\"pt-BR\",\"@id\":\"https:\\\/\\\/adunir.com.br\\\/#\\\/schema\\\/logo\\\/image\\\/\",\"url\":\"https:\\\/\\\/adunir.com.br\\\/wp-content\\\/uploads\\\/2023\\\/12\\\/cropped-logo_adunir.png\",\"contentUrl\":\"https:\\\/\\\/adunir.com.br\\\/wp-content\\\/uploads\\\/2023\\\/12\\\/cropped-logo_adunir.png\",\"width\":982,\"height\":102,\"caption\":\"Associa\u00e7\u00e3o dos Docentes da Universidade Federal de Rond\u00f4nia - ADUNIR\"},\"image\":{\"@id\":\"https:\\\/\\\/adunir.com.br\\\/#\\\/schema\\\/logo\\\/image\\\/\"},\"sameAs\":[\"https:\\\/\\\/www.facebook.com\\\/adunirsecaosindical.andes\\\/\"]}]}<\/script>\n<!-- \/ Yoast SEO plugin. -->","yoast_head_json":{"title":"Boletins - ADUNIR","robots":{"index":"index","follow":"follow","max-snippet":"max-snippet:-1","max-image-preview":"max-image-preview:large","max-video-preview":"max-video-preview:-1"},"canonical":"https:\/\/adunir.com.br\/index.php\/historia\/","og_locale":"pt_BR","og_type":"article","og_title":"Boletins - ADUNIR","og_description":"Esta se\u00e7\u00e3o do nosso site \u00e9 dedicada \u00e0 publica\u00e7\u00e3o dos boletins informativos da associa\u00e7\u00e3o. Aqui, voc\u00ea encontrar\u00e1 atualiza\u00e7\u00f5es peri\u00f3dicas sobre as atividades, eventos, decis\u00f5es e novidades relacionadas \u00e0 nossa comunidade. Fique por dentro de tudo o que acontece, acesse os boletins anteriores e acompanhe as informa\u00e7\u00f5es relevantes que impactam diretamente todos os nossos filiados(as).","og_url":"https:\/\/adunir.com.br\/index.php\/historia\/","og_site_name":"ADUNIR","article_publisher":"https:\/\/www.facebook.com\/adunirsecaosindical.andes\/","article_modified_time":"2025-07-03T14:15:19+00:00","twitter_card":"summary_large_image","twitter_misc":{"Est. tempo de leitura":"1 minuto"},"schema":{"@context":"https:\/\/schema.org","@graph":[{"@type":"WebPage","@id":"https:\/\/adunir.com.br\/index.php\/historia\/","url":"https:\/\/adunir.com.br\/index.php\/historia\/","name":"Boletins - ADUNIR","isPartOf":{"@id":"https:\/\/adunir.com.br\/#website"},"datePublished":"2022-06-06T19:39:10+00:00","dateModified":"2025-07-03T14:15:19+00:00","breadcrumb":{"@id":"https:\/\/adunir.com.br\/index.php\/historia\/#breadcrumb"},"inLanguage":"pt-BR","potentialAction":[{"@type":"ReadAction","target":["https:\/\/adunir.com.br\/index.php\/historia\/"]}]},{"@type":"BreadcrumbList","@id":"https:\/\/adunir.com.br\/index.php\/historia\/#breadcrumb","itemListElement":[{"@type":"ListItem","position":1,"name":"In\u00edcio","item":"https:\/\/adunir.com.br\/"},{"@type":"ListItem","position":2,"name":"Boletins"}]},{"@type":"WebSite","@id":"https:\/\/adunir.com.br\/#website","url":"https:\/\/adunir.com.br\/","name":"ADUNIR","description":"Associa\u00e7\u00e3o dos Docentes da Universidade Federal de Rond\u00f4nia - Se\u00e7\u00e3o Sindical","publisher":{"@id":"https:\/\/adunir.com.br\/#organization"},"potentialAction":[{"@type":"SearchAction","target":{"@type":"EntryPoint","urlTemplate":"https:\/\/adunir.com.br\/?s={search_term_string}"},"query-input":{"@type":"PropertyValueSpecification","valueRequired":true,"valueName":"search_term_string"}}],"inLanguage":"pt-BR"},{"@type":"Organization","@id":"https:\/\/adunir.com.br\/#organization","name":"Associa\u00e7\u00e3o dos Docentes da Universidade Federal de Rond\u00f4nia - ADUNIR","url":"https:\/\/adunir.com.br\/","logo":{"@type":"ImageObject","inLanguage":"pt-BR","@id":"https:\/\/adunir.com.br\/#\/schema\/logo\/image\/","url":"https:\/\/adunir.com.br\/wp-content\/uploads\/2023\/12\/cropped-logo_adunir.png","contentUrl":"https:\/\/adunir.com.br\/wp-content\/uploads\/2023\/12\/cropped-logo_adunir.png","width":982,"height":102,"caption":"Associa\u00e7\u00e3o dos Docentes da Universidade Federal de Rond\u00f4nia - ADUNIR"},"image":{"@id":"https:\/\/adunir.com.br\/#\/schema\/logo\/image\/"},"sameAs":["https:\/\/www.facebook.com\/adunirsecaosindical.andes\/"]}]}},"uagb_featured_image_src":{"full":false,"thumbnail":false,"medium":false,"medium_large":false,"large":false,"1536x1536":false,"2048x2048":false},"uagb_author_info":{"display_name":"adunir","author_link":"https:\/\/adunir.com.br\/index.php\/author\/adunir\/"},"uagb_comment_info":0,"uagb_excerpt":"Esta se\u00e7\u00e3o do nosso site \u00e9 dedicada \u00e0 publica\u00e7\u00e3o dos boletins informativos da associa\u00e7\u00e3o. Aqui, voc\u00ea encontrar\u00e1 atualiza\u00e7\u00f5es peri\u00f3dicas sobre as atividades, eventos, decis\u00f5es e novidades relacionadas \u00e0 nossa comunidade. Fique por dentro de tudo o que acontece, acesse os boletins anteriores e acompanhe as informa\u00e7\u00f5es relevantes que impactam diretamente todos os nossos filiados(as).","_links":{"self":[{"href":"https:\/\/adunir.com.br\/index.php\/wp-json\/wp\/v2\/pages\/35","targetHints":{"allow":["GET"]}}],"collection":[{"href":"https:\/\/adunir.com.br\/index.php\/wp-json\/wp\/v2\/pages"}],"about":[{"href":"https:\/\/adunir.com.br\/index.php\/wp-json\/wp\/v2\/types\/page"}],"author":[{"embeddable":true,"href":"https:\/\/adunir.com.br\/index.php\/wp-json\/wp\/v2\/users\/1"}],"replies":[{"embeddable":true,"href":"https:\/\/adunir.com.br\/index.php\/wp-json\/wp\/v2\/comments?post=35"}],"version-history":[{"count":4,"href":"https:\/\/adunir.com.br\/index.php\/wp-json\/wp\/v2\/pages\/35\/revisions"}],"predecessor-version":[{"id":3714,"href":"https:\/\/adunir.com.br\/index.php\/wp-json\/wp\/v2\/pages\/35\/revisions\/3714"}],"wp:attachment":[{"href":"https:\/\/adunir.com.br\/index.php\/wp-json\/wp\/v2\/media?parent=35"}],"curies":[{"name":"wp","href":"https:\/\/api.w.org\/{rel}","templated":true}]}}